{"id":5,"date":"2023-02-07T16:59:39","date_gmt":"2023-02-07T15:59:39","guid":{"rendered":"http:\/\/norbertbouche-quartet.com\/?page_id=5"},"modified":"2025-09-11T17:43:46","modified_gmt":"2025-09-11T15:43:46","slug":"norbert-bouche-quartet","status":"publish","type":"page","link":"https:\/\/norbertbouche-quartet.com\/","title":{"rendered":"Norbert Bouche Quartet"},"content":{"rendered":"\n<p><strong>Norbert Bouche Quartet &#8211; Hommage \u00e0 Django Reinhardt et St\u00e9phane Grappelli &#8211; Jazz Swing<\/strong><\/p>\n\n\n\n<p>Fond\u00e9 en 2015 \u00e0 Paris, le Norbert Bouche Quartet perp\u00e9tue la tradition du jazz fran\u00e7ais en r\u00e9interpr\u00e9tant les musiques de Django Reinhardt et de St\u00e9phane Grappelli entre deux pays, la France et la Gr\u00e8ce, avec une tourn\u00e9e en 2015 en Gr\u00e8ce et deux participations au Djangofest d\u2019Ath\u00e8nes en 2016 et 2017.<\/p>\n\n\n\n<p>La formation est alors compos\u00e9e du violoniste Norbert Bouche, des guitaristes Benjamin Blackstone, Yiannis Tziallas et du contrebassiste Guillaume Duval. Elle est \u00e9toff\u00e9e en 2017 avec le concours du batteur Jean-Pascal Molina \u00e0 l&#8217;occasion du Djangofest d&#8217;Ath\u00e8nes.  <\/p>\n\n\n\n<p>Le quartet est renouvel\u00e9 en 2023. Articul\u00e9s autour du violon de Norbert Bouche, la guitare de Benjamin Blackstone et la contrebasse de Kostas Patsiotis s&#8217;entrem\u00ealent et s&#8217;entrechoquent pour nourrir une rythmique \u00e9l\u00e9gante et des solos de haute voltige. Avec son touch\u00e9 a\u00e9rien et son geste libre, le quartet est propuls\u00e9 aux cimes du swing par la batterie de Jean-Pascal Molina.<\/p>\n\n\n\n<p><\/p>\n\n\n\n<p><\/p>\n\n\n\n<p><strong>2023:<\/strong><\/p>\n\n\n\n<p>26 Mars 2023 &#8211; Kerameio &#8211; Ath\u00e8nes<\/p>\n\n\n\n<p>27 Mars 2023 &#8211; Filippou Caf\u00e9 Classique &#8211; Volos<\/p>\n\n\n\n<p>29 Mars 2023 &#8211; Salle Giorgos Chatzinikos &#8211; Chorto Sud P\u00e9lion<\/p>\n\n\n\n<p>30 Mars 2023 &#8211; Connectiva &#8211; Larissa<\/p>\n\n\n\n<p><strong>2024:<\/strong><\/p>\n\n\n\n<p>18 Avril 2024 &#8211; Spiti Art Bar Jazz Cafe &#8211; Ath\u00e8nes<\/p>\n\n\n\n<p>19 Avril 2024 &#8211; Filippou Caf\u00e9 Classique &#8211; Volos<\/p>\n\n\n\n<p>20 Mars 2024 &#8211; Salle Giorgo Chatzinikos &#8211; Chorto Sud P\u00e9lion<\/p>\n\n\n\n<p>21 Avril 2024 &#8211; Larissa<\/p>\n\n\n\n<p><strong>2025:<\/strong><\/p>\n\n\n\n<p>31 Juillet 2025 &#8211; Filippou Caf\u00e9 Classique &#8211; Volos <\/p>\n\n\n\n<p>1er Ao\u00fbt 2025 &#8211; Las Rampas &#8211; Spitaki &#8211; Velica Beach Larisa<\/p>\n\n\n\n<p>2 Ao\u00fbt &#8211; Festival Chorto Sud P\u00e9lion<\/p>\n\n\n\n<p>3 Ao\u00fbt  &#8211; Zeta Project &#8211; Zagora P\u00e9lion<\/p>\n\n\n\n<p><\/p>\n\n\n\n<p><\/p>\n\n\n\n<p><\/p>\n\n\n\n<figure class=\"wp-block-image aligncenter size-large\"><img loading=\"lazy\" decoding=\"async\" width=\"1024\" height=\"683\" src=\"https:\/\/norbertbouche-quartet.com\/wp-content\/uploads\/2023\/03\/concert_061-1024x683.jpg\" alt=\"\" class=\"wp-image-22\" srcset=\"https:\/\/norbertbouche-quartet.com\/wp-content\/uploads\/2023\/03\/concert_061-1024x683.jpg 1024w, https:\/\/norbertbouche-quartet.com\/wp-content\/uploads\/2023\/03\/concert_061-300x200.jpg 300w, https:\/\/norbertbouche-quartet.com\/wp-content\/uploads\/2023\/03\/concert_061-768x512.jpg 768w, https:\/\/norbertbouche-quartet.com\/wp-content\/uploads\/2023\/03\/concert_061-1536x1024.jpg 1536w, https:\/\/norbertbouche-quartet.com\/wp-content\/uploads\/2023\/03\/concert_061-2048x1365.jpg 2048w\" sizes=\"auto, (max-width: 1024px) 100vw, 1024px\" \/><figcaption class=\"wp-element-caption\">Djangofest Ath\u00e8nes 2017<\/figcaption><\/figure>\n\n\n\n<figure class=\"wp-block-embed is-type-video is-provider-youtube wp-block-embed-youtube wp-embed-aspect-16-9 wp-has-aspect-ratio\"><div class=\"wp-block-embed__wrapper\">\n<iframe loading=\"lazy\" title=\"Norbert Bouche Quartet &amp; J.P. Molina &quot;Place de Brouck\u00e8re&quot; Live 2017 Djangofest Athens Greece\" width=\"500\" height=\"281\" src=\"https:\/\/www.youtube.com\/embed\/M5iYfhmMjM4?feature=oembed\" frameborder=\"0\" allow=\"accelerometer; autoplay; clipboard-write; encrypted-media; gyroscope; picture-in-picture; web-share\" referrerpolicy=\"strict-origin-when-cross-origin\" allowfullscreen><\/iframe>\n<\/div><figcaption class=\"wp-element-caption\">Djangofest Ath\u00e8nes 2017<\/figcaption><\/figure>\n\n\n\n<figure class=\"wp-block-embed is-type-video is-provider-youtube wp-block-embed-youtube wp-embed-aspect-16-9 wp-has-aspect-ratio\"><div class=\"wp-block-embed__wrapper\">\n<iframe loading=\"lazy\" title=\"Norbert Bouche Quartet, Eva Lefka &amp; Groovin&#039; high - 30\/04\/2015 - Patras, Greece\" width=\"500\" height=\"281\" src=\"https:\/\/www.youtube.com\/embed\/ziMEEIlQvX0?feature=oembed\" frameborder=\"0\" allow=\"accelerometer; autoplay; clipboard-write; encrypted-media; gyroscope; picture-in-picture; web-share\" referrerpolicy=\"strict-origin-when-cross-origin\" allowfullscreen><\/iframe>\n<\/div><figcaption class=\"wp-element-caption\">Patras 2015<\/figcaption><\/figure>\n\n\n\n<figure class=\"wp-block-embed is-type-video is-provider-youtube wp-block-embed-youtube wp-embed-aspect-16-9 wp-has-aspect-ratio\"><div class=\"wp-block-embed__wrapper\">\n<iframe loading=\"lazy\" title=\"Norbert Bouche Quartet &quot;There will never be another you&quot;\" width=\"500\" height=\"281\" src=\"https:\/\/www.youtube.com\/embed\/NSraA8OrvuY?feature=oembed\" frameborder=\"0\" allow=\"accelerometer; autoplay; clipboard-write; encrypted-media; gyroscope; picture-in-picture; web-share\" referrerpolicy=\"strict-origin-when-cross-origin\" allowfullscreen><\/iframe>\n<\/div><figcaption class=\"wp-element-caption\">2015 &#8211; There Will Never Be Another You<\/figcaption><\/figure>\n\n\n\n<p>Norbert Bouche <\/p>\n","protected":false},"excerpt":{"rendered":"<p>Norbert Bouche Quartet &#8211; Hommage \u00e0 Django Reinhardt et St\u00e9phane Grappelli &#8211; Jazz Swing Fond\u00e9 en 2015 \u00e0 Paris, le Norbert Bouche Quartet perp\u00e9tue la tradition du jazz fran\u00e7ais en r\u00e9interpr\u00e9tant les musiques de Django Reinhardt et de St\u00e9phane Grappelli entre deux pays, la France et la Gr\u00e8ce, avec une tourn\u00e9e en 2015 en Gr\u00e8ce [&hellip;]<\/p>\n","protected":false},"author":1,"featured_media":31,"parent":0,"menu_order":0,"comment_status":"closed","ping_status":"closed","template":"","meta":{"footnotes":""},"class_list":["post-5","page","type-page","status-publish","has-post-thumbnail","hentry"],"_links":{"self":[{"href":"https:\/\/norbertbouche-quartet.com\/index.php\/wp-json\/wp\/v2\/pages\/5","targetHints":{"allow":["GET"]}}],"collection":[{"href":"https:\/\/norbertbouche-quartet.com\/index.php\/wp-json\/wp\/v2\/pages"}],"about":[{"href":"https:\/\/norbertbouche-quartet.com\/index.php\/wp-json\/wp\/v2\/types\/page"}],"author":[{"embeddable":true,"href":"https:\/\/norbertbouche-quartet.com\/index.php\/wp-json\/wp\/v2\/users\/1"}],"replies":[{"embeddable":true,"href":"https:\/\/norbertbouche-quartet.com\/index.php\/wp-json\/wp\/v2\/comments?post=5"}],"version-history":[{"count":16,"href":"https:\/\/norbertbouche-quartet.com\/index.php\/wp-json\/wp\/v2\/pages\/5\/revisions"}],"predecessor-version":[{"id":114,"href":"https:\/\/norbertbouche-quartet.com\/index.php\/wp-json\/wp\/v2\/pages\/5\/revisions\/114"}],"wp:featuredmedia":[{"embeddable":true,"href":"https:\/\/norbertbouche-quartet.com\/index.php\/wp-json\/wp\/v2\/media\/31"}],"wp:attachment":[{"href":"https:\/\/norbertbouche-quartet.com\/index.php\/wp-json\/wp\/v2\/media?parent=5"}],"curies":[{"name":"wp","href":"https:\/\/api.w.org\/{rel}","templated":true}]}}